{"id":7971,"date":"2026-01-16T15:11:33","date_gmt":"2026-01-16T14:11:33","guid":{"rendered":"https:\/\/www.answertoawall.com\/evenements\/"},"modified":"2026-01-18T18:02:52","modified_gmt":"2026-01-18T17:02:52","slug":"evenements","status":"publish","type":"page","link":"https:\/\/www.answertoawall.com\/fr\/evenements\/","title":{"rendered":"Ev\u00e9nements"},"content":{"rendered":"\n<div class=\"wp-block-cover is-light\" style=\"min-height:377px;aspect-ratio:unset;\"><img loading=\"lazy\" decoding=\"async\" width=\"1024\" height=\"683\" class=\"wp-block-cover__image-background wp-image-5392 size-large\" alt=\"\" src=\"https:\/\/www.answertoawall.com\/wp-content\/uploads\/\/20240905-ISVA-1771-1024x683.jpg\" style=\"object-position:35% 29%\" data-object-fit=\"cover\" data-object-position=\"35% 29%\" srcset=\"https:\/\/www.answertoawall.com\/wp-content\/uploads\/20240905-ISVA-1771-1024x683.jpg 1024w, https:\/\/www.answertoawall.com\/wp-content\/uploads\/20240905-ISVA-1771-300x200.jpg 300w, https:\/\/www.answertoawall.com\/wp-content\/uploads\/20240905-ISVA-1771-768x512.jpg 768w, https:\/\/www.answertoawall.com\/wp-content\/uploads\/20240905-ISVA-1771-1536x1024.jpg 1536w, https:\/\/www.answertoawall.com\/wp-content\/uploads\/20240905-ISVA-1771-2048x1365.jpg 2048w, https:\/\/www.answertoawall.com\/wp-content\/uploads\/20240905-ISVA-1771-1320x880.jpg 1320w\" sizes=\"auto, (max-width: 1024px) 100vw, 1024px\" \/><span aria-hidden=\"true\" class=\"wp-block-cover__background has-background-dim-0 has-background-dim\" style=\"background-color:#a5a39e\"><\/span><div class=\"wp-block-cover__inner-container is-layout-flow wp-block-cover-is-layout-flow\">\n<p class=\"has-text-align-center has-large-font-size\"><\/p>\n<\/div><\/div>\n\n\n\n\n\n\n<section class=\"growl-component-cta growl-component-cta--  \">\n\t\t\t\n<div class=\"growl-component-container\" >\n    \t\t\t\t\t\t\t\t\t\n<div class=\"growl-component-heading\">\n\t<h1 class=\"growl-component-heading__title h5\">\n\t\tEv\u00e9nements\n\t<\/h1>\n\t<\/div>\t\t\t\t\t\t\t\t<div class=\"growl-component-cta__wrapper\">\n\t\t\t\t\t\t\t\t\t\t<div class=\"growl-component-cta__content\">\n\t\t\t\t\t\t<div>\n<p style=\"text-align: center;\"><strong>Chers amis et amateurs d&rsquo;art<\/strong>,<\/p>\n<p style=\"text-align: center;\">\n<\/div>\n<div class=\"xdj266r x14z9mp xat24cr x1lziwak x1vvkbs\" style=\"text-align: center;\">Le <strong>jeudi 12 f\u00e9vrier \u00e0 19 heures,<\/strong> Answer to a Wall accueille deux auteurs pour une <strong>soir\u00e9e litt\u00e9raire<\/strong> sp\u00e9ciale.<\/div>\n<div class=\"x14z9mp xat24cr x1lziwak x1vvkbs xtlvy1s\" style=\"text-align: center;\">&#8211; Dans \u00ab\u00a0The Family Files\u00a0\u00bb, Hilde Vanthuyne explore la dynamique des conflits relationnels.<br class=\"html-br\">&#8211; Dans \u00ab\u00a0Trouver et garder l&rsquo;amour de votre vie\u00a0\u00bb, Hilde Watty r\u00e9v\u00e8le les secrets de l&rsquo;entremise.<\/div>\n<div><\/div>\n<div class=\"x14z9mp xat24cr x1lziwak x1vvkbs xtlvy1s\" style=\"text-align: center;\">Un verre de champagne \u00e0 la main, entour\u00e9 d&rsquo;\u0153uvres d&rsquo;art et d&rsquo;artistes, vous pouvez vous attendre \u00e0 des commentaires percutants et \u00e0 des conversations captivantes.<\/div>\n\n\n\t\t\t\t\t\t\t\t\t\t\t\t\t<div class=\"growl-component-cta__buttons\">\n\t\t\t\t\t\t\t\t\t\t\t\t\t\t\t\t\t\n    \n<a href='https:\/\/www.facebook.com\/events\/1794063871277057\/?acontext=%7B%22event_action_history%22%3A[%7B%22mechanism%22%3A%22your_upcoming_events_unit%22%2C%22surface%22%3A%22bookmark%22%7D]%2C%22ref_notif_type%22%3Anull%7D' class=\"growl-component-button growl-component-button--solid growl-component-cta__button\" role=\"button\" >\n            Ons facebook event \n    <\/a>\n\t\t\t\t\t\t\t\t\t\t\t\t\t\t\t<\/div>\n\t\t\t\t\t\t\t\t\t\t\t<\/div>\n\t\t\t\t<\/div>\n\t\t\t<\/div>\n\t<\/section>\n\n\n\n<figure class=\"wp-block-gallery has-nested-images columns-default is-cropped wp-block-gallery-1 is-layout-flex wp-block-gallery-is-layout-flex\">\n<figure class=\"wp-block-image size-full is-style-default\"><img loading=\"lazy\" decoding=\"async\" width=\"797\" height=\"800\" data-id=\"7953\" src=\"https:\/\/www.answertoawall.com\/wp-content\/uploads\/Foto-2-01-2026-om-12.32.jpg\" alt=\"\" class=\"wp-image-7953\" srcset=\"https:\/\/www.answertoawall.com\/wp-content\/uploads\/Foto-2-01-2026-om-12.32.jpg 797w, https:\/\/www.answertoawall.com\/wp-content\/uploads\/Foto-2-01-2026-om-12.32-300x300.jpg 300w, https:\/\/www.answertoawall.com\/wp-content\/uploads\/Foto-2-01-2026-om-12.32-150x150.jpg 150w, https:\/\/www.answertoawall.com\/wp-content\/uploads\/Foto-2-01-2026-om-12.32-768x771.jpg 768w, https:\/\/www.answertoawall.com\/wp-content\/uploads\/Foto-2-01-2026-om-12.32-230x230.jpg 230w\" sizes=\"auto, (max-width: 797px) 100vw, 797px\" \/><\/figure>\n\n\n\n<figure class=\"wp-block-image size-full is-style-default\"><img loading=\"lazy\" decoding=\"async\" width=\"427\" height=\"640\" data-id=\"7956\" src=\"https:\/\/www.answertoawall.com\/wp-content\/uploads\/6c47b478-d208-04e9-cc8b-a78e96395c45.jpeg\" alt=\"\" class=\"wp-image-7956\" srcset=\"https:\/\/www.answertoawall.com\/wp-content\/uploads\/6c47b478-d208-04e9-cc8b-a78e96395c45.jpeg 427w, https:\/\/www.answertoawall.com\/wp-content\/uploads\/6c47b478-d208-04e9-cc8b-a78e96395c45-200x300.jpeg 200w\" sizes=\"auto, (max-width: 427px) 100vw, 427px\" \/><\/figure>\n\n\n\n<figure class=\"wp-block-image size-full is-style-default\"><img loading=\"lazy\" decoding=\"async\" width=\"581\" height=\"640\" data-id=\"7950\" src=\"https:\/\/www.answertoawall.com\/wp-content\/uploads\/Foto-2-01-2026-om-12.34.jpg\" alt=\"\" class=\"wp-image-7950\" srcset=\"https:\/\/www.answertoawall.com\/wp-content\/uploads\/Foto-2-01-2026-om-12.34.jpg 581w, https:\/\/www.answertoawall.com\/wp-content\/uploads\/Foto-2-01-2026-om-12.34-272x300.jpg 272w\" sizes=\"auto, (max-width: 581px) 100vw, 581px\" \/><\/figure>\n<\/figure>\n\n\n\n<p><\/p>\n","protected":false},"excerpt":{"rendered":"","protected":false},"author":3,"featured_media":0,"parent":0,"menu_order":0,"comment_status":"closed","ping_status":"closed","template":"","meta":{"_acf_changed":false,"footnotes":""},"class_list":["post-7971","page","type-page","status-publish","hentry"],"acf":[],"_links":{"self":[{"href":"https:\/\/www.answertoawall.com\/fr\/wp-json\/wp\/v2\/pages\/7971","targetHints":{"allow":["GET"]}}],"collection":[{"href":"https:\/\/www.answertoawall.com\/fr\/wp-json\/wp\/v2\/pages"}],"about":[{"href":"https:\/\/www.answertoawall.com\/fr\/wp-json\/wp\/v2\/types\/page"}],"author":[{"embeddable":true,"href":"https:\/\/www.answertoawall.com\/fr\/wp-json\/wp\/v2\/users\/3"}],"replies":[{"embeddable":true,"href":"https:\/\/www.answertoawall.com\/fr\/wp-json\/wp\/v2\/comments?post=7971"}],"version-history":[{"count":2,"href":"https:\/\/www.answertoawall.com\/fr\/wp-json\/wp\/v2\/pages\/7971\/revisions"}],"predecessor-version":[{"id":8080,"href":"https:\/\/www.answertoawall.com\/fr\/wp-json\/wp\/v2\/pages\/7971\/revisions\/8080"}],"wp:attachment":[{"href":"https:\/\/www.answertoawall.com\/fr\/wp-json\/wp\/v2\/media?parent=7971"}],"curies":[{"name":"wp","href":"https:\/\/api.w.org\/{rel}","templated":true}]}}