{"id":4496,"date":"2024-03-01T14:23:53","date_gmt":"2024-03-01T13:23:53","guid":{"rendered":"https:\/\/www.answertoawall.com\/entreprises\/"},"modified":"2025-04-11T17:39:12","modified_gmt":"2025-04-11T15:39:12","slug":"entreprises","status":"publish","type":"page","link":"https:\/\/www.answertoawall.com\/fr\/entreprises\/","title":{"rendered":"Entreprises"},"content":{"rendered":"\n<div class=\"wp-block-cover is-light\" style=\"min-height:393px;aspect-ratio:unset;\"><span aria-hidden=\"true\" class=\"wp-block-cover__background has-background-dim-0 has-background-dim\"><\/span><img loading=\"lazy\" decoding=\"async\" width=\"808\" height=\"548\" class=\"wp-block-cover__image-background wp-image-2963\" alt=\"\" src=\"https:\/\/www.answertoawall.com\/wp-content\/uploads\/cc011690-493a-4926-a8bb-c741782d293d-2.jpg\" style=\"object-position:49% 42%\" data-object-fit=\"cover\" data-object-position=\"49% 42%\" srcset=\"https:\/\/www.answertoawall.com\/wp-content\/uploads\/cc011690-493a-4926-a8bb-c741782d293d-2.jpg 808w, https:\/\/www.answertoawall.com\/wp-content\/uploads\/cc011690-493a-4926-a8bb-c741782d293d-2-300x203.jpg 300w, https:\/\/www.answertoawall.com\/wp-content\/uploads\/cc011690-493a-4926-a8bb-c741782d293d-2-768x521.jpg 768w\" sizes=\"auto, (max-width: 808px) 100vw, 808px\" \/><div class=\"wp-block-cover__inner-container is-layout-flow wp-block-cover-is-layout-flow\">\n<p class=\"has-text-align-center has-large-font-size\"><\/p>\n<\/div><\/div>\n\n\n\n\n<section class=\"growl-component-cta growl-component-cta--  \">\n\t\t\t\n<div class=\"growl-component-container\" >\n    \t\t\t\t\t\t\t\t\t\n<div class=\"growl-component-heading\">\n\t<h1 class=\"growl-component-heading__title h5\">\n\t\tEntreprises\n\t<\/h1>\n\t<\/div>\t\t\t\t\t\t\t\t<div class=\"growl-component-cta__wrapper\">\n\t\t\t\t\t\t\t\t\t\t<div class=\"growl-component-cta__content\">\n\t\t\t\t\t\t<p><!-- wp:columns --><\/p>\n<div class=\"wp-block-columns\">\n<p><!-- wp:column {\"width\":\"100%\"} --><\/p>\n<div class=\"wp-block-column\">\n<p><!-- wp:paragraph {\"align\":\"center\"} --><\/p>\n<\/div>\n<\/div>\n<div dir=\"ltr\" style=\"text-align: center;\">\n<p><span style=\"font-weight: 400;\">Vous souhaitez recevoir vos clients dans un cadre atmosph\u00e9rique ?  <\/span>Pour les employ\u00e9s comme pour les clients, il est important d&rsquo;\u00eatre entour\u00e9 de beaut\u00e9. Nous croyons en la motivation par l&rsquo;inspiration !<\/p>\n<\/div>\n<div dir=\"ltr\"><\/div>\n<p><!--more--><\/p>\n<div dir=\"ltr\" style=\"text-align: center;\">Pour ce faire, nous travaillons avec une soci\u00e9t\u00e9 sp\u00e9cialis\u00e9e dans la location (avec option d&rsquo;achat) d&rsquo;\u0153uvres d&rsquo;art.<\/div>\n<div dir=\"ltr\" style=\"text-align: center;\">Laissez l&rsquo;art enrichir votre entreprise et profitez des possibilit\u00e9s de financement de vos \u0153uvres d&rsquo;art.<\/div>\n<div dir=\"ltr\" style=\"text-align: center;\"><\/div>\n<p><!--more--><\/p>\n<div dir=\"ltr\" style=\"text-align: center;\">Int\u00e9ress\u00e9(e) ? Pour plus d&rsquo;informations, cliquez sur contact et d\u00e9couvrez ce que notre option de location avec achat peut faire pour votre entreprise.<\/div>\n<p style=\"text-align: center;\"><!--more--><\/p>\n<p><!-- \/wp:paragraph --><\/p>\n\n\n\t\t\t\t\t\t\t\t\t\t\t\t\t<div class=\"growl-component-cta__buttons\">\n\t\t\t\t\t\t\t\t\t\t\t\t\t\t\t\t\t\n    \n<a href='https:\/\/www.answertoawall.com\/contact\/' class=\"growl-component-button growl-component-button--solid growl-component-cta__button\" role=\"button\" >\n            Contact\n    <\/a>\n\t\t\t\t\t\t\t\t\t\t\t\t\t\t\t<\/div>\n\t\t\t\t\t\t\t\t\t\t\t<\/div>\n\t\t\t\t<\/div>\n\t\t\t<\/div>\n\t<\/section>\n\n<figure class=\"wp-block-gallery has-nested-images columns-default is-cropped wp-block-gallery-1 is-layout-flex wp-block-gallery-is-layout-flex\">\n<figure class=\"wp-block-image size-full is-style-default\"><img loading=\"lazy\" decoding=\"async\" width=\"893\" height=\"768\" data-id=\"2989\" src=\"https:\/\/www.answertoawall.com\/wp-content\/uploads\/652da412-31ce-4123-9485-a032cd68630f-3.jpg\" alt=\"\" class=\"wp-image-2989\" srcset=\"https:\/\/www.answertoawall.com\/wp-content\/uploads\/652da412-31ce-4123-9485-a032cd68630f-3.jpg 893w, https:\/\/www.answertoawall.com\/wp-content\/uploads\/652da412-31ce-4123-9485-a032cd68630f-3-300x258.jpg 300w, https:\/\/www.answertoawall.com\/wp-content\/uploads\/652da412-31ce-4123-9485-a032cd68630f-3-768x660.jpg 768w\" sizes=\"auto, (max-width: 893px) 100vw, 893px\" \/><\/figure>\n\n\n\n<figure class=\"wp-block-image size-full is-style-default\"><img loading=\"lazy\" decoding=\"async\" width=\"1024\" height=\"768\" data-id=\"2991\" src=\"https:\/\/www.answertoawall.com\/wp-content\/uploads\/996955d2-8454-4080-b013-4fa766e4d6b9-2.jpg\" alt=\"\" class=\"wp-image-2991\" srcset=\"https:\/\/www.answertoawall.com\/wp-content\/uploads\/996955d2-8454-4080-b013-4fa766e4d6b9-2.jpg 1024w, https:\/\/www.answertoawall.com\/wp-content\/uploads\/996955d2-8454-4080-b013-4fa766e4d6b9-2-300x225.jpg 300w, https:\/\/www.answertoawall.com\/wp-content\/uploads\/996955d2-8454-4080-b013-4fa766e4d6b9-2-768x576.jpg 768w\" sizes=\"auto, (max-width: 1024px) 100vw, 1024px\" \/><\/figure>\n\n\n\n<figure class=\"wp-block-image size-full is-style-default\"><img loading=\"lazy\" decoding=\"async\" width=\"546\" height=\"633\" data-id=\"2993\" src=\"https:\/\/www.answertoawall.com\/wp-content\/uploads\/2c3acffb-a471-46c5-8ab3-0a611d8a47a3-1.jpg\" alt=\"\" class=\"wp-image-2993\" srcset=\"https:\/\/www.answertoawall.com\/wp-content\/uploads\/2c3acffb-a471-46c5-8ab3-0a611d8a47a3-1.jpg 546w, https:\/\/www.answertoawall.com\/wp-content\/uploads\/2c3acffb-a471-46c5-8ab3-0a611d8a47a3-1-259x300.jpg 259w\" sizes=\"auto, (max-width: 546px) 100vw, 546px\" \/><\/figure>\n\n\n\n<figure class=\"wp-block-image size-full is-style-default\"><img loading=\"lazy\" decoding=\"async\" width=\"768\" height=\"1024\" data-id=\"2995\" src=\"https:\/\/www.answertoawall.com\/wp-content\/uploads\/06a27831-b622-4105-b942-684c54a9e1a6-3.jpg\" alt=\"\" class=\"wp-image-2995\" srcset=\"https:\/\/www.answertoawall.com\/wp-content\/uploads\/06a27831-b622-4105-b942-684c54a9e1a6-3.jpg 768w, https:\/\/www.answertoawall.com\/wp-content\/uploads\/06a27831-b622-4105-b942-684c54a9e1a6-3-225x300.jpg 225w\" sizes=\"auto, (max-width: 768px) 100vw, 768px\" \/><\/figure>\n\n\n\n<figure class=\"wp-block-image size-full is-style-default\"><img loading=\"lazy\" decoding=\"async\" width=\"768\" height=\"1024\" data-id=\"2967\" src=\"https:\/\/www.answertoawall.com\/wp-content\/uploads\/977ab850-41cc-4864-915d-e3969e24ff0f.jpg\" alt=\"\" class=\"wp-image-2967\" srcset=\"https:\/\/www.answertoawall.com\/wp-content\/uploads\/977ab850-41cc-4864-915d-e3969e24ff0f.jpg 768w, https:\/\/www.answertoawall.com\/wp-content\/uploads\/977ab850-41cc-4864-915d-e3969e24ff0f-225x300.jpg 225w\" sizes=\"auto, (max-width: 768px) 100vw, 768px\" \/><\/figure>\n\n\n\n<figure class=\"wp-block-image size-full is-style-default\"><img loading=\"lazy\" decoding=\"async\" width=\"563\" height=\"548\" data-id=\"3003\" src=\"https:\/\/www.answertoawall.com\/wp-content\/uploads\/cc011690-493a-4926-a8bb-c741782d293d-2-6.jpg\" alt=\"\" class=\"wp-image-3003\" srcset=\"https:\/\/www.answertoawall.com\/wp-content\/uploads\/cc011690-493a-4926-a8bb-c741782d293d-2-6.jpg 563w, https:\/\/www.answertoawall.com\/wp-content\/uploads\/cc011690-493a-4926-a8bb-c741782d293d-2-6-300x292.jpg 300w\" sizes=\"auto, (max-width: 563px) 100vw, 563px\" \/><\/figure>\n<\/figure>\n","protected":false},"excerpt":{"rendered":"","protected":false},"author":3,"featured_media":0,"parent":4424,"menu_order":0,"comment_status":"closed","ping_status":"closed","template":"","meta":{"_acf_changed":false,"footnotes":""},"class_list":["post-4496","page","type-page","status-publish","hentry"],"acf":[],"_links":{"self":[{"href":"https:\/\/www.answertoawall.com\/fr\/wp-json\/wp\/v2\/pages\/4496","targetHints":{"allow":["GET"]}}],"collection":[{"href":"https:\/\/www.answertoawall.com\/fr\/wp-json\/wp\/v2\/pages"}],"about":[{"href":"https:\/\/www.answertoawall.com\/fr\/wp-json\/wp\/v2\/types\/page"}],"author":[{"embeddable":true,"href":"https:\/\/www.answertoawall.com\/fr\/wp-json\/wp\/v2\/users\/3"}],"replies":[{"embeddable":true,"href":"https:\/\/www.answertoawall.com\/fr\/wp-json\/wp\/v2\/comments?post=4496"}],"version-history":[{"count":6,"href":"https:\/\/www.answertoawall.com\/fr\/wp-json\/wp\/v2\/pages\/4496\/revisions"}],"predecessor-version":[{"id":7393,"href":"https:\/\/www.answertoawall.com\/fr\/wp-json\/wp\/v2\/pages\/4496\/revisions\/7393"}],"up":[{"embeddable":true,"href":"https:\/\/www.answertoawall.com\/fr\/wp-json\/wp\/v2\/pages\/4424"}],"wp:attachment":[{"href":"https:\/\/www.answertoawall.com\/fr\/wp-json\/wp\/v2\/media?parent=4496"}],"curies":[{"name":"wp","href":"https:\/\/api.w.org\/{rel}","templated":true}]}}