{"id":4339,"date":"2024-03-01T14:23:50","date_gmt":"2024-03-01T13:23:50","guid":{"rendered":"https:\/\/www.answertoawall.com\/accueil\/"},"modified":"2025-07-24T07:34:42","modified_gmt":"2025-07-24T05:34:42","slug":"accueil","status":"publish","type":"page","link":"https:\/\/www.answertoawall.com\/fr\/","title":{"rendered":"Accueil"},"content":{"rendered":"\n\n<section class=\"growl-component-hero\">\n    <div class=\"growl-component-hero__slides\">\n                    <div class=\"growl-component-hero__item\" style=\"background-image: url('https:\/\/www.answertoawall.com\/wp-content\/uploads\/20240905-ISVA-1961-scaled.jpg');\">\n                            <\/div>\n                    <div class=\"growl-component-hero__item\" style=\"background-image: url('https:\/\/www.answertoawall.com\/wp-content\/uploads\/20240905-ISVA-3261-scaled.jpg');\">\n                            <\/div>\n                    <div class=\"growl-component-hero__item\" style=\"background-image: url('https:\/\/www.answertoawall.com\/wp-content\/uploads\/20240905-ISVA-2871-scaled.jpg');\">\n                            <\/div>\n                    <div class=\"growl-component-hero__item\" style=\"background-image: url('https:\/\/www.answertoawall.com\/wp-content\/uploads\/20240905-ISVA-3021-scaled.jpg');\">\n                            <\/div>\n                    <div class=\"growl-component-hero__item\" style=\"background-image: url('https:\/\/www.answertoawall.com\/wp-content\/uploads\/20240905-ISVA-1771-1-scaled.jpg');\">\n                            <\/div>\n                    <div class=\"growl-component-hero__item\" style=\"background-image: url('https:\/\/www.answertoawall.com\/wp-content\/uploads\/IMG_7368-scaled.jpeg');\">\n                            <\/div>\n                    <div class=\"growl-component-hero__item\" style=\"background-image: url('https:\/\/www.answertoawall.com\/wp-content\/uploads\/337A0847.jpeg');\">\n                            <\/div>\n            <\/div>\n<\/section>\n\n\n\n\n\n\n<section class=\"growl-component-cta growl-component-cta--  \">\n\t\t\t\n<div class=\"growl-component-container\" >\n    \t\t\t\t\t\t\t\t\t\n<div class=\"growl-component-heading\">\n\t<h1 class=\"growl-component-heading__title h5\">\n\t\tL&rsquo;art \u00e0 Louvain\n\t<\/h1>\n\t<\/div>\t\t\t\t\t\t\t\t<div class=\"growl-component-cta__wrapper\">\n\t\t\t\t\t\t\t\t\t\t<div class=\"growl-component-cta__content\">\n\t\t\t\t\t\t<p style=\"text-align: center;\">Et soudain, toutes les pi\u00e8ces du puzzle se sont mises en place&#8230;.<\/p>\n<p style=\"text-align: center;\">Rien ne part de rien.<\/p>\n\n\n\t\t\t\t\t\t\t\t\t\t\t<\/div>\n\t\t\t\t<\/div>\n\t\t\t<\/div>\n\t<\/section>\n\n\n\n\n\n\n<section class=\"growl-component-cta growl-component-cta--left growl-component-cta--has-image \">\n\t\t\t\n<div class=\"growl-component-container\" >\n    \t\t\t\t\t\t\t\t\t\n<div class=\"growl-component-heading\">\n\t<div class=\"growl-component-heading__title h5\">\n\t\t\u00c0 propos de la galerie\n\t<\/div>\n\t<\/div>\t\t\t\t\t\t\t\t<div class=\"growl-component-cta__wrapper\">\n\t\t\t\t\t\t\t\t\t\t\t\t<figure class=\"growl-component-cta__slider\">\n\t\t<div class=\"growl-component-cta__items\">\n\t\t\t\t\t\t<div class=\"growl-component-cta__item\">\n\t\t\t\t<img decoding=\"async\" src=\"https:\/\/www.answertoawall.com\/wp-content\/uploads\/20240905-ISVA-1191-1024x699.jpg\" alt=\"\">\n\t\t\t<\/div>\n\t\t\t\t\t\t<div class=\"growl-component-cta__item\">\n\t\t\t\t<img decoding=\"async\" src=\"https:\/\/www.answertoawall.com\/wp-content\/uploads\/20240905-ISVA-203-21-1024x683.jpg\" alt=\"\">\n\t\t\t<\/div>\n\t\t\t\t\t\t<div class=\"growl-component-cta__item\">\n\t\t\t\t<img decoding=\"async\" src=\"https:\/\/www.answertoawall.com\/wp-content\/uploads\/unnamed-24-935x1024.jpg\" alt=\"\">\n\t\t\t<\/div>\n\t\t\t\t\t\t<div class=\"growl-component-cta__item\">\n\t\t\t\t<img decoding=\"async\" src=\"https:\/\/www.answertoawall.com\/wp-content\/uploads\/unnamed-33-768x1024.jpg\" alt=\"\">\n\t\t\t<\/div>\n\t\t\t\t\t\t<div class=\"growl-component-cta__item\">\n\t\t\t\t<img decoding=\"async\" src=\"https:\/\/www.answertoawall.com\/wp-content\/uploads\/e4732f9e-434f-4f28-a9a1-45f539c76519.jpg\" alt=\"\">\n\t\t\t<\/div>\n\t\t\t\t\t\t<div class=\"growl-component-cta__item\">\n\t\t\t\t<img decoding=\"async\" src=\"https:\/\/www.answertoawall.com\/wp-content\/uploads\/20240905-ISVA-3131-1024x683.jpg\" alt=\"\">\n\t\t\t<\/div>\n\t\t\t\t\t\t<div class=\"growl-component-cta__item\">\n\t\t\t\t<img decoding=\"async\" src=\"https:\/\/www.answertoawall.com\/wp-content\/uploads\/FullSizeRender-scaled-e1697191764621-1024x686.jpg\" alt=\"\">\n\t\t\t<\/div>\n\t\t\t\t\t\t<div class=\"growl-component-cta__item\">\n\t\t\t\t<img decoding=\"async\" src=\"https:\/\/www.answertoawall.com\/wp-content\/uploads\/IMG_5180-768x1024.jpg\" alt=\"\">\n\t\t\t<\/div>\n\t\t\t\t\t\t<div class=\"growl-component-cta__item\">\n\t\t\t\t<img decoding=\"async\" src=\"https:\/\/www.answertoawall.com\/wp-content\/uploads\/7d83d44e-b021-4ae9-b2fd-a23a08e832371.jpg\" alt=\"\">\n\t\t\t<\/div>\n\t\t\t\t\t\t<div class=\"growl-component-cta__item\">\n\t\t\t\t<img decoding=\"async\" src=\"https:\/\/www.answertoawall.com\/wp-content\/uploads\/unnamed-34-1024x837.jpg\" alt=\"\">\n\t\t\t<\/div>\n\t\t\t\t\t\t<div class=\"growl-component-cta__item\">\n\t\t\t\t<img decoding=\"async\" src=\"https:\/\/www.answertoawall.com\/wp-content\/uploads\/unnamed-32-768x1024.jpg\" alt=\"\">\n\t\t\t<\/div>\n\t\t\t\t\t<\/div>\n\n\t\t\t\t\t\n                    \n<button type='button' class=\"growl-component-button growl-component-button--light growl-component-button--outline growl-component-cta__prev\" role=\"button\" >\n            \n    <\/button>\n\t\t\t\n                    \n<button type='button' class=\"growl-component-button growl-component-button--light growl-component-button--outline growl-component-cta__next\" role=\"button\" >\n            \n    <\/button>\n\t\t\t<\/figure>\n\n\t\t\t\t\t\t\t\t\t\t<div class=\"growl-component-cta__content\">\n\t\t\t\t\t\t<p>Au d\u00e9part, il y avait une \u00e9quipe (un couple) forte et aimante : Isabelle, qui peint elle-m\u00eame, et Thomas, qui travaille dans le cin\u00e9ma. Un beau b\u00e2timent historique, avec l&rsquo;espace ad\u00e9quat, s&rsquo;est pr\u00e9sent\u00e9 \u00e0 eux&#8230; Et puis, il y a eu la passion de longue date pour l&rsquo;art, et beaucoup d&rsquo;enthousiasme. C&rsquo;est ainsi qu&rsquo;est n\u00e9e la galerie Answer to a Wall.<\/p>\n<p>Pourquoi attendre&#8230; Tout allait bien. Avec quelques amis artistes, ils se lancent. Avec un styliste, ils ont dessin\u00e9 chaque nouveau d\u00e9cor, s&rsquo;effor\u00e7ant de cr\u00e9er un dialogue entre les \u0153uvres et d&rsquo;offrir une nouvelle exp\u00e9rience au visiteur. Entre-temps, Answer to a Wall est devenue une galerie d&rsquo;art respect\u00e9e, avec une communaut\u00e9 d&rsquo;artistes tr\u00e8s soud\u00e9e, dont certains sont plus connus que d&rsquo;autres \u00e0 l&rsquo;\u00e9chelle internationale. Les \u0153uvres d\u00e9gagent une atmosph\u00e8re et une \u00e9nergie positives, ce qui fait d&rsquo;Answer to a Wall un lieu vivant, o\u00f9 l&rsquo;on peut entrer sans crainte.<\/p>\n\n\n\t\t\t\t\t\t\t\t\t\t\t<\/div>\n\t\t\t\t<\/div>\n\t\t\t<\/div>\n\t<\/section>\n\n\n\n\n\n\n<section class=\"growl-component-cta growl-component-cta--right growl-component-cta--bg growl-component-cta--has-image \">\n\t\t\t\n<div class=\"growl-component-container\" >\n    \t\t\t\t\t\t\t\t\t\n<div class=\"growl-component-heading\">\n\t<div class=\"growl-component-heading__title h5\">\n\t\tVisiter la galerie\n\t<\/div>\n\t<\/div>\t\t\t\t\t\t\t\t<div class=\"growl-component-cta__wrapper\">\n\t\t\t\t\t\t\t\t\t\t\t\t<figure class=\"growl-component-cta__slider\">\n\t\t<div class=\"growl-component-cta__items\">\n\t\t\t\t\t\t<div class=\"growl-component-cta__item\">\n\t\t\t\t<img decoding=\"async\" src=\"https:\/\/www.answertoawall.com\/wp-content\/uploads\/20240905-ISVA-3101-1024x683.jpg\" alt=\"\">\n\t\t\t<\/div>\n\t\t\t\t\t<\/div>\n\n\t\t\t<\/figure>\n\n\t\t\t\t\t\t\t\t\t\t<div class=\"growl-component-cta__content\">\n\t\t\t\t\t\t<p>Nous organisons \u00e9galement des \u00e9v\u00e9nements r\u00e9guliers et des rencontres avec les artistes, qui permettent aux collectionneurs et aux visiteurs de dialoguer entre eux. Si vous souhaitez \u00eatre pr\u00e9sent, inscrivez-vous \u00e0 la lettre d&rsquo;information pour rester inform\u00e9. Vous n&rsquo;avez pas le temps pendant nos heures d&rsquo;ouverture ou vous souhaitez faire une mise en place \u00e0 l&rsquo;essai? Nous nous ferons un plaisir de prendre rendez-vous avec vous. A bient\u00f4t !<\/p>\n\n\n\t\t\t\t\t\t\t\t\t\t\t\t\t<div class=\"growl-component-cta__buttons\">\n\t\t\t\t\t\t\t\t\t\t\t\t\t\t\t\t\t\n    \n<a href='https:\/\/www.answertoawall.com\/contact' class=\"growl-component-button growl-component-button--solid growl-component-cta__button\" role=\"button\" >\n            Maak een afspraak\n    <\/a>\n\t\t\t\t\t\t\t\t\t\t\t\t\t\t\t\t\t\n    \n<a href='https:\/\/www.answertoawall.com\/contact%20' class=\"growl-component-button growl-component-button--solid growl-component-cta__button\" role=\"button\" >\n            Blijf op de hoogte\n    <\/a>\n\t\t\t\t\t\t\t\t\t\t\t\t\t\t\t<\/div>\n\t\t\t\t\t\t\t\t\t\t\t<\/div>\n\t\t\t\t<\/div>\n\t\t\t<\/div>\n\t<\/section>\n\n\n\n<p><\/p>\n","protected":false},"excerpt":{"rendered":"","protected":false},"author":1,"featured_media":0,"parent":0,"menu_order":0,"comment_status":"closed","ping_status":"closed","template":"","meta":{"_acf_changed":false,"footnotes":""},"class_list":["post-4339","page","type-page","status-publish","hentry"],"acf":[],"_links":{"self":[{"href":"https:\/\/www.answertoawall.com\/fr\/wp-json\/wp\/v2\/pages\/4339","targetHints":{"allow":["GET"]}}],"collection":[{"href":"https:\/\/www.answertoawall.com\/fr\/wp-json\/wp\/v2\/pages"}],"about":[{"href":"https:\/\/www.answertoawall.com\/fr\/wp-json\/wp\/v2\/types\/page"}],"author":[{"embeddable":true,"href":"https:\/\/www.answertoawall.com\/fr\/wp-json\/wp\/v2\/users\/1"}],"replies":[{"embeddable":true,"href":"https:\/\/www.answertoawall.com\/fr\/wp-json\/wp\/v2\/comments?post=4339"}],"version-history":[{"count":7,"href":"https:\/\/www.answertoawall.com\/fr\/wp-json\/wp\/v2\/pages\/4339\/revisions"}],"predecessor-version":[{"id":7571,"href":"https:\/\/www.answertoawall.com\/fr\/wp-json\/wp\/v2\/pages\/4339\/revisions\/7571"}],"wp:attachment":[{"href":"https:\/\/www.answertoawall.com\/fr\/wp-json\/wp\/v2\/media?parent=4339"}],"curies":[{"name":"wp","href":"https:\/\/api.w.org\/{rel}","templated":true}]}}