{"id":4322,"date":"2025-04-11T14:39:55","date_gmt":"2025-04-11T12:39:55","guid":{"rendered":"https:\/\/www.answertoawall.com\/?page_id=4322"},"modified":"2025-04-11T17:35:59","modified_gmt":"2025-04-11T15:35:59","slug":"accueil-2","status":"publish","type":"page","link":"https:\/\/www.answertoawall.com\/fr\/accueil-2\/","title":{"rendered":"Accueil"},"content":{"rendered":"\n\n<section class=\"growl-component-hero\">\n    <div class=\"growl-component-hero__slides\">\n                    <div class=\"growl-component-hero__item\" style=\"background-image: url('https:\/\/www.answertoawall.com\/wp-content\/uploads\/outdoor-25_AW-outdoor-daylight-Effect-scaled.jpg');\">\n                            <\/div>\n                    <div class=\"growl-component-hero__item\" style=\"background-image: url('https:\/\/www.answertoawall.com\/wp-content\/uploads\/II.-157__CB29228__PScc\u00a9-by-Benoi\u0302t-COLLETTE-Photography-tous-droits-re\u0301serve\u0301s-Full-version-scaled.jpg');\">\n                            <\/div>\n                    <div class=\"growl-component-hero__item\" style=\"background-image: url('https:\/\/www.answertoawall.com\/wp-content\/uploads\/IMG_6700-scaled-e1632144502705.jpg');\">\n                            <\/div>\n                    <div class=\"growl-component-hero__item\" style=\"background-image: url('https:\/\/www.answertoawall.com\/wp-content\/uploads\/I.-252_2BC_8381_\u00a9-by-Benoi\u0302t-COLLETTE-Photography-tous-droits-re\u0301serve\u0301s-Full-version-scaled-e1632146249845.jpg');\">\n                            <\/div>\n                    <div class=\"growl-component-hero__item\" style=\"background-image: url('https:\/\/www.answertoawall.com\/wp-content\/uploads\/IMG_6482-scaled-e1632144747819.jpg');\">\n                            <\/div>\n                    <div class=\"growl-component-hero__item\" style=\"background-image: url('https:\/\/www.answertoawall.com\/wp-content\/uploads\/140_3BC_9931-by-Benoi\u0302t-COLLETTE-Photography\u00a9-vWEB-2560px-e1671724011843.jpg');\">\n                            <\/div>\n                    <div class=\"growl-component-hero__item\" style=\"background-image: url('https:\/\/www.answertoawall.com\/wp-content\/uploads\/IMG_3903-scaled.jpg');\">\n                            <\/div>\n            <\/div>\n<\/section>\n\n\n\n\n<section class=\"growl-component-cta growl-component-cta--  \">\n\t\t\t\n<div class=\"growl-component-container\" >\n    \t\t\t\t\t\t\t\t\t\n<div class=\"growl-component-heading\">\n\t<h1 class=\"growl-component-heading__title h5\">\n\t\tL&rsquo;art \u00e0 Louvain\n\t<\/h1>\n\t<\/div>\t\t\t\t\t\t\t\t<div class=\"growl-component-cta__wrapper\">\n\t\t\t\t\t\t\t\t\t\t<div class=\"growl-component-cta__content\">\n\t\t\t\t\t\t<p>Answer to a Wall, qui se trouve dans le c\u0153ur chaleureux de Louvain, offre une exp\u00e9rience unique, tant pour les personnes familiaris\u00e9es avec l&rsquo;art que pour celles qui souhaitent encore le d\u00e9couvrir pleinement.<\/p>\n\n\n\t\t\t\t\t\t\t\t\t\t\t\t\t<div class=\"growl-component-cta__buttons\">\n\t\t\t\t\t\t\t\t\t\t\t\t\t\t\t\t\t\n    \n<a href='https:\/\/www.answertoawall.com\/over-ons\/' class=\"growl-component-button growl-component-button--solid growl-component-cta__button\" role=\"button\" >\n            Over Answer to a Wall\n    <\/a>\n\t\t\t\t\t\t\t\t\t\t\t\t\t\t\t<\/div>\n\t\t\t\t\t\t\t\t\t\t\t<\/div>\n\t\t\t\t<\/div>\n\t\t\t<\/div>\n\t<\/section>\n\n\n\n\n<section class=\"growl-component-cta growl-component-cta--left growl-component-cta--has-image \">\n\t\t\t\n<div class=\"growl-component-container\" >\n    \t\t\t\t\t\t\t\t\t\n<div class=\"growl-component-heading\">\n\t<div class=\"growl-component-heading__title h5\">\n\t\t\u00c0 propos de la galerie\n\t<\/div>\n\t<\/div>\t\t\t\t\t\t\t\t<div class=\"growl-component-cta__wrapper\">\n\t\t\t\t\t\t\t\t\t\t\t\t<figure class=\"growl-component-cta__slider\">\n\t\t<div class=\"growl-component-cta__items\">\n\t\t\t\t\t\t<div class=\"growl-component-cta__item\">\n\t\t\t\t<img decoding=\"async\" src=\"https:\/\/www.answertoawall.com\/wp-content\/uploads\/outdoor-03_AW-outdoor-daylight-1-FINAL-v2-ps-1024x674.jpg\" alt=\"\">\n\t\t\t<\/div>\n\t\t\t\t\t\t<div class=\"growl-component-cta__item\">\n\t\t\t\t<img decoding=\"async\" src=\"https:\/\/www.answertoawall.com\/wp-content\/uploads\/home-hoofdfoto-2-scaled-e1610018278543-1024x496.jpg\" alt=\"\">\n\t\t\t<\/div>\n\t\t\t\t\t\t<div class=\"growl-component-cta__item\">\n\t\t\t\t<img decoding=\"async\" src=\"https:\/\/www.answertoawall.com\/wp-content\/uploads\/PHOTO-2021-09-23-13-33-45.jpg\" alt=\"\">\n\t\t\t<\/div>\n\t\t\t\t\t\t<div class=\"growl-component-cta__item\">\n\t\t\t\t<img decoding=\"async\" src=\"https:\/\/www.answertoawall.com\/wp-content\/uploads\/IMG_6443-2-1024x768.jpg\" alt=\"\">\n\t\t\t<\/div>\n\t\t\t\t\t\t<div class=\"growl-component-cta__item\">\n\t\t\t\t<img decoding=\"async\" src=\"https:\/\/www.answertoawall.com\/wp-content\/uploads\/IMG_8935-1024x790.jpg\" alt=\"\">\n\t\t\t<\/div>\n\t\t\t\t\t\t<div class=\"growl-component-cta__item\">\n\t\t\t\t<img decoding=\"async\" src=\"https:\/\/www.answertoawall.com\/wp-content\/uploads\/PHOTO-2021-09-23-13-51-27.jpg\" alt=\"\">\n\t\t\t<\/div>\n\t\t\t\t\t\t<div class=\"growl-component-cta__item\">\n\t\t\t\t<img decoding=\"async\" src=\"https:\/\/www.answertoawall.com\/wp-content\/uploads\/PHOTO-2021-09-23-13-33-01-e1632397115173.jpg\" alt=\"\">\n\t\t\t<\/div>\n\t\t\t\t\t\t<div class=\"growl-component-cta__item\">\n\t\t\t\t<img decoding=\"async\" src=\"https:\/\/www.answertoawall.com\/wp-content\/uploads\/IMG_6447-1024x768.jpg\" alt=\"\">\n\t\t\t<\/div>\n\t\t\t\t\t\t<div class=\"growl-component-cta__item\">\n\t\t\t\t<img decoding=\"async\" src=\"\" alt=\"\">\n\t\t\t<\/div>\n\t\t\t\t\t<\/div>\n\n\t\t\t\t\t\n                    \n<button type='button' class=\"growl-component-button growl-component-button--light growl-component-button--outline growl-component-cta__prev\" role=\"button\" >\n            \n    <\/button>\n\t\t\t\n                    \n<button type='button' class=\"growl-component-button growl-component-button--light growl-component-button--outline growl-component-cta__next\" role=\"button\" >\n            \n    <\/button>\n\t\t\t<\/figure>\n\n\t\t\t\t\t\t\t\t\t\t<div class=\"growl-component-cta__content\">\n\t\t\t\t\t\t<p>En pleine p\u00e9riode de corona, nous avons ouvert notre galerie dans un magnifique b\u00e2timent historique au c\u0153ur de Louvain. Ce qui devait commencer comme un pop-up avec les \u0153uvres de quelques amis artistes s&rsquo;est transform\u00e9 en une galerie d&rsquo;art renomm\u00e9e o\u00f9 nous exposons les \u0153uvres d&rsquo;un groupe soud\u00e9 d&rsquo;artistes belges talentueux. Certains sont d\u00e9j\u00e0 plus connus internationalement que d&rsquo;autres. Nous sommes donc fiers de les repr\u00e9senter en Belgique.   <\/p>\n<p>Dans la ville de Louvain, les \u0153uvres \u00e9nergiques et color\u00e9es de nos artistes se distinguent tr\u00e8s bien. Le dynamisme et l&rsquo;\u00e9nergie se fondent presque dans l&rsquo;environnement.  <\/p>\n<p>Answer to a Wall est un lieu vivant o\u00f9 il est facile d&rsquo;entrer et de sortir. Une visite spontan\u00e9e est donc toujours une exp\u00e9rience unique. Answer to a Wall s&rsquo;efforce toujours d&rsquo;offrir une exp\u00e9rience agr\u00e9able \u00e0 chaque visiteur et attache une grande importance \u00e0 l&rsquo;esth\u00e9tique. L&rsquo;exposition cherche r\u00e9guli\u00e8rement de nouvelles fa\u00e7ons de renforcer les \u0153uvres expos\u00e9es les unes par rapport aux autres.   <\/p>\n\n\n\t\t\t\t\t\t\t\t\t\t\t<\/div>\n\t\t\t\t<\/div>\n\t\t\t<\/div>\n\t<\/section>\n\n\n\n\n<section class=\"growl-component-cta growl-component-cta--right growl-component-cta--bg growl-component-cta--has-image \">\n\t\t\t\n<div class=\"growl-component-container\" >\n    \t\t\t\t\t\t\t\t\t\n<div class=\"growl-component-heading\">\n\t<div class=\"growl-component-heading__title h5\">\n\t\tVisiter la galerie\n\t<\/div>\n\t<\/div>\t\t\t\t\t\t\t\t<div class=\"growl-component-cta__wrapper\">\n\t\t\t\t\t\t\t\t\t\t\t\t<figure class=\"growl-component-cta__slider\">\n\t\t<div class=\"growl-component-cta__items\">\n\t\t\t\t\t\t<div class=\"growl-component-cta__item\">\n\t\t\t\t<img decoding=\"async\" src=\"https:\/\/www.answertoawall.com\/wp-content\/uploads\/PHOTO-2021-09-23-13-33-01-e1632397115173.jpg\" alt=\"\">\n\t\t\t<\/div>\n\t\t\t\t\t<\/div>\n\n\t\t\t<\/figure>\n\n\t\t\t\t\t\t\t\t\t\t<div class=\"growl-component-cta__content\">\n\t\t\t\t\t\t<p>Nous changeons r\u00e9guli\u00e8rement de d\u00e9cor avec de nouvelles \u0153uvres de nos artistes. Rencontrez les artistes derri\u00e8re les \u0153uvres lors de l&rsquo;un de nos vernissages ou \u00e9v\u00e9nements et laissez-vous inspirer. Planifiez une visite pendant les heures d&rsquo;ouverture ou prenez rendez-vous.  <\/p>\n\n\n\t\t\t\t\t\t\t\t\t\t\t\t\t<div class=\"growl-component-cta__buttons\">\n\t\t\t\t\t\t\t\t\t\t\t\t\t\t\t\t\t\n    \n<a href='https:\/\/www.answertoawall.com\/contact' class=\"growl-component-button growl-component-button--solid growl-component-cta__button\" role=\"button\" >\n            Maak een afspraak\n    <\/a>\n\t\t\t\t\t\t\t\t\t\t\t\t\t\t\t\t\t\n    \n<a href='https:\/\/www.answertoawall.com\/contact%20' class=\"growl-component-button growl-component-button--solid growl-component-cta__button\" role=\"button\" >\n            Blijf op de hoogte\n    <\/a>\n\t\t\t\t\t\t\t\t\t\t\t\t\t\t\t<\/div>\n\t\t\t\t\t\t\t\t\t\t\t<\/div>\n\t\t\t\t<\/div>\n\t\t\t<\/div>\n\t<\/section>\n","protected":false},"excerpt":{"rendered":"","protected":false},"author":3,"featured_media":0,"parent":0,"menu_order":0,"comment_status":"closed","ping_status":"closed","template":"","meta":{"_acf_changed":false,"footnotes":""},"class_list":["post-4322","page","type-page","status-publish","hentry"],"acf":[],"_links":{"self":[{"href":"https:\/\/www.answertoawall.com\/fr\/wp-json\/wp\/v2\/pages\/4322","targetHints":{"allow":["GET"]}}],"collection":[{"href":"https:\/\/www.answertoawall.com\/fr\/wp-json\/wp\/v2\/pages"}],"about":[{"href":"https:\/\/www.answertoawall.com\/fr\/wp-json\/wp\/v2\/types\/page"}],"author":[{"embeddable":true,"href":"https:\/\/www.answertoawall.com\/fr\/wp-json\/wp\/v2\/users\/3"}],"replies":[{"embeddable":true,"href":"https:\/\/www.answertoawall.com\/fr\/wp-json\/wp\/v2\/comments?post=4322"}],"version-history":[{"count":7,"href":"https:\/\/www.answertoawall.com\/fr\/wp-json\/wp\/v2\/pages\/4322\/revisions"}],"predecessor-version":[{"id":7389,"href":"https:\/\/www.answertoawall.com\/fr\/wp-json\/wp\/v2\/pages\/4322\/revisions\/7389"}],"wp:attachment":[{"href":"https:\/\/www.answertoawall.com\/fr\/wp-json\/wp\/v2\/media?parent=4322"}],"curies":[{"name":"wp","href":"https:\/\/api.w.org\/{rel}","templated":true}]}}