{"id":4232,"date":"2024-03-01T14:23:45","date_gmt":"2024-03-01T13:23:45","guid":{"rendered":"https:\/\/www.answertoawall.com\/bon-dachat\/"},"modified":"2025-04-11T15:43:39","modified_gmt":"2025-04-11T13:43:39","slug":"bon-dachat","status":"publish","type":"page","link":"https:\/\/www.answertoawall.com\/fr\/bon-dachat\/","title":{"rendered":"Bon d&rsquo;achat"},"content":{"rendered":"\n<div class=\"wp-block-cover is-light\" style=\"min-height:377px;aspect-ratio:unset;\"><span aria-hidden=\"true\" class=\"wp-block-cover__background has-background-dim-0 has-background-dim\"><\/span><img loading=\"lazy\" decoding=\"async\" width=\"750\" height=\"461\" class=\"wp-block-cover__image-background wp-image-2912\" alt=\"\" src=\"https:\/\/www.answertoawall.com\/wp-content\/uploads\/IMG_8630.jpeg\" style=\"object-position:53% 98%\" data-object-fit=\"cover\" data-object-position=\"53% 98%\" srcset=\"https:\/\/www.answertoawall.com\/wp-content\/uploads\/IMG_8630.jpeg 750w, https:\/\/www.answertoawall.com\/wp-content\/uploads\/IMG_8630-300x184.jpeg 300w\" sizes=\"auto, (max-width: 750px) 100vw, 750px\" \/><div class=\"wp-block-cover__inner-container is-layout-flow wp-block-cover-is-layout-flow\">\n<p class=\"has-text-align-center has-large-font-size\"><\/p>\n<\/div><\/div>\n\n\n\n\n\n\n<section class=\"growl-component-cta growl-component-cta--  \">\n\t\t\t\n<div class=\"growl-component-container\" >\n    \t\t\t\t\t\t\t\t\t\n<div class=\"growl-component-heading\">\n\t<h1 class=\"growl-component-heading__title h5\">\n\t\tBon d&rsquo;achat\n\t<\/h1>\n\t<\/div>\t\t\t\t\t\t\t\t<div class=\"growl-component-cta__wrapper\">\n\t\t\t\t\t\t\t\t\t\t<div class=\"growl-component-cta__content\">\n\t\t\t\t\t\t<p><!-- wp:columns --><\/p>\n<div class=\"wp-block-columns\">\n<p><!-- wp:column {\"width\":\"100%\"} --><\/p>\n<div class=\"wp-block-column\">\n<p><!-- wp:paragraph {\"align\":\"center\"} --><\/p>\n<\/div>\n<\/div>\n<p style=\"text-align: center;\"><span style=\"font-weight: 400;\">Vous cherchez un cadeau original et de valeur ? Avec le bon d&rsquo;achat Answer to a Wall&rsquo;s Art, offrez \u00e0 vos amis ou \u00e0 votre famille une \u0153uvre d&rsquo;art unique dont ils pourront profiter toute leur vie. Id\u00e9al comme cadeau d&rsquo;anniversaire, cadeau de mariage, cadeau d&rsquo;anniversaire, cadeau d&rsquo;entreprise ou pour les f\u00eates.<\/span><\/p>\n<p style=\"text-align: center;\"><span style=\"font-weight: 400;\">Ils peuvent choisir eux-m\u00eames l&rsquo;\u0153uvre d&rsquo;art dans notre collection. Consultez notre site web ou visitez l&rsquo;une de nos galeries \u00e0 Louvain ou \u00e0 Knokke.<\/span><\/p>\n<p>Le bon d&rsquo;achat est valable 24 mois.<\/p>\n<p style=\"text-align: center;\"><!--more--><\/p>\n<p><!-- \/wp:paragraph --><\/p>\n\n\n\t\t\t\t\t\t\t\t\t\t\t\t\t<div class=\"growl-component-cta__buttons\">\n\t\t\t\t\t\t\t\t\t\t\t\t\t\t\t\t\t\n    \n<a href='https:\/\/www.answertoawall.com\/contact\/' class=\"growl-component-button growl-component-button--solid growl-component-cta__button\" role=\"button\" >\n            Commander\n    <\/a>\n\t\t\t\t\t\t\t\t\t\t\t\t\t\t\t<\/div>\n\t\t\t\t\t\t\t\t\t\t\t<\/div>\n\t\t\t\t<\/div>\n\t\t\t<\/div>\n\t<\/section>\n\n\n\n<figure class=\"wp-block-gallery has-nested-images columns-default is-cropped wp-block-gallery-1 is-layout-flex wp-block-gallery-is-layout-flex\">\n<figure class=\"wp-block-image size-full is-style-default\"><img loading=\"lazy\" decoding=\"async\" width=\"832\" height=\"1024\" data-id=\"3913\" src=\"https:\/\/www.answertoawall.com\/wp-content\/uploads\/0de13901-40ff-4ab8-a104-b0c7d7f0f61c.jpg\" alt=\"\" class=\"wp-image-3913\" srcset=\"https:\/\/www.answertoawall.com\/wp-content\/uploads\/0de13901-40ff-4ab8-a104-b0c7d7f0f61c.jpg 832w, https:\/\/www.answertoawall.com\/wp-content\/uploads\/0de13901-40ff-4ab8-a104-b0c7d7f0f61c-244x300.jpg 244w, https:\/\/www.answertoawall.com\/wp-content\/uploads\/0de13901-40ff-4ab8-a104-b0c7d7f0f61c-768x945.jpg 768w\" sizes=\"auto, (max-width: 832px) 100vw, 832px\" \/><\/figure>\n\n\n\n<figure class=\"wp-block-image size-full is-style-default\"><img loading=\"lazy\" decoding=\"async\" width=\"768\" height=\"1024\" data-id=\"3911\" src=\"https:\/\/www.answertoawall.com\/wp-content\/uploads\/beb86cf0-c254-4eff-86c3-f2d8987b97fc.jpg\" alt=\"\" class=\"wp-image-3911\" srcset=\"https:\/\/www.answertoawall.com\/wp-content\/uploads\/beb86cf0-c254-4eff-86c3-f2d8987b97fc.jpg 768w, https:\/\/www.answertoawall.com\/wp-content\/uploads\/beb86cf0-c254-4eff-86c3-f2d8987b97fc-225x300.jpg 225w\" sizes=\"auto, (max-width: 768px) 100vw, 768px\" \/><\/figure>\n\n\n\n<figure class=\"wp-block-image size-full is-style-default\"><img loading=\"lazy\" decoding=\"async\" width=\"956\" height=\"1024\" data-id=\"3915\" src=\"https:\/\/www.answertoawall.com\/wp-content\/uploads\/a564a179-ef4b-4de6-994e-636ef7e38eb5.jpg\" alt=\"\" class=\"wp-image-3915\" srcset=\"https:\/\/www.answertoawall.com\/wp-content\/uploads\/a564a179-ef4b-4de6-994e-636ef7e38eb5.jpg 956w, https:\/\/www.answertoawall.com\/wp-content\/uploads\/a564a179-ef4b-4de6-994e-636ef7e38eb5-280x300.jpg 280w, https:\/\/www.answertoawall.com\/wp-content\/uploads\/a564a179-ef4b-4de6-994e-636ef7e38eb5-768x823.jpg 768w\" sizes=\"auto, (max-width: 956px) 100vw, 956px\" \/><\/figure>\n<\/figure>\n","protected":false},"excerpt":{"rendered":"","protected":false},"author":3,"featured_media":0,"parent":4424,"menu_order":0,"comment_status":"closed","ping_status":"closed","template":"","meta":{"_acf_changed":false,"footnotes":""},"class_list":["post-4232","page","type-page","status-publish","hentry"],"acf":[],"_links":{"self":[{"href":"https:\/\/www.answertoawall.com\/fr\/wp-json\/wp\/v2\/pages\/4232","targetHints":{"allow":["GET"]}}],"collection":[{"href":"https:\/\/www.answertoawall.com\/fr\/wp-json\/wp\/v2\/pages"}],"about":[{"href":"https:\/\/www.answertoawall.com\/fr\/wp-json\/wp\/v2\/types\/page"}],"author":[{"embeddable":true,"href":"https:\/\/www.answertoawall.com\/fr\/wp-json\/wp\/v2\/users\/3"}],"replies":[{"embeddable":true,"href":"https:\/\/www.answertoawall.com\/fr\/wp-json\/wp\/v2\/comments?post=4232"}],"version-history":[{"count":6,"href":"https:\/\/www.answertoawall.com\/fr\/wp-json\/wp\/v2\/pages\/4232\/revisions"}],"predecessor-version":[{"id":6093,"href":"https:\/\/www.answertoawall.com\/fr\/wp-json\/wp\/v2\/pages\/4232\/revisions\/6093"}],"up":[{"embeddable":true,"href":"https:\/\/www.answertoawall.com\/fr\/wp-json\/wp\/v2\/pages\/4424"}],"wp:attachment":[{"href":"https:\/\/www.answertoawall.com\/fr\/wp-json\/wp\/v2\/media?parent=4232"}],"curies":[{"name":"wp","href":"https:\/\/api.w.org\/{rel}","templated":true}]}}