{"id":4198,"date":"2024-03-01T14:23:43","date_gmt":"2024-03-01T13:23:43","guid":{"rendered":"https:\/\/www.answertoawall.com\/evenement\/"},"modified":"2024-03-01T17:40:19","modified_gmt":"2024-03-01T16:40:19","slug":"evenement","status":"publish","type":"page","link":"https:\/\/www.answertoawall.com\/fr\/evenement\/","title":{"rendered":"\u00c9v\u00e9nement"},"content":{"rendered":"\n<div class=\"wp-block-cover\" style=\"min-height:371px;aspect-ratio:unset;\"><span aria-hidden=\"true\" class=\"has-background-dim-0 wp-block-cover__gradient-background has-background-dim\"><\/span><img loading=\"lazy\" decoding=\"async\" width=\"2560\" height=\"2038\" class=\"wp-block-cover__image-background wp-image-3830\" alt=\"\" src=\"https:\/\/www.answertoawall.com\/wp-content\/uploads\/IMG_3525-scaled.jpg\" style=\"object-position:44% 61%\" data-object-fit=\"cover\" data-object-position=\"44% 61%\" srcset=\"https:\/\/www.answertoawall.com\/wp-content\/uploads\/IMG_3525-scaled.jpg 2560w, https:\/\/www.answertoawall.com\/wp-content\/uploads\/IMG_3525-300x239.jpg 300w, https:\/\/www.answertoawall.com\/wp-content\/uploads\/IMG_3525-1024x815.jpg 1024w, https:\/\/www.answertoawall.com\/wp-content\/uploads\/IMG_3525-768x612.jpg 768w, https:\/\/www.answertoawall.com\/wp-content\/uploads\/IMG_3525-1536x1223.jpg 1536w, https:\/\/www.answertoawall.com\/wp-content\/uploads\/IMG_3525-2048x1631.jpg 2048w, https:\/\/www.answertoawall.com\/wp-content\/uploads\/IMG_3525-1320x1051.jpg 1320w\" sizes=\"auto, (max-width: 2560px) 100vw, 2560px\" \/><div class=\"wp-block-cover__inner-container is-layout-flow wp-block-cover-is-layout-flow\">\n<p class=\"has-text-align-center has-large-font-size\"><\/p>\n<\/div><\/div>\n\n<div class=\"wp-block-group\"><div class=\"wp-block-group__inner-container is-layout-flow wp-block-group-is-layout-flow\">\n\n\n\n<section class=\"growl-component-cta growl-component-cta--  \">\n\t\t\t\n<div class=\"growl-component-container\" >\n    \t\t\t\t\t\t\t\t\t\n<div class=\"growl-component-heading\">\n\t<h1 class=\"growl-component-heading__title h5\">\n\t\tRencontre avec Bea Danckaert\n\t<\/h1>\n\t<\/div>\t\t\t\t\t\t\t\t<div class=\"growl-component-cta__wrapper\">\n\t\t\t\t\t\t\t\t\t\t<div class=\"growl-component-cta__content\">\n\t\t\t\t\t\t<p style=\"text-align: center;\"><strong>Chers amis et amateurs d&rsquo;art<\/strong>,<\/p>\n<p style=\"text-align: center;\"><strong>Le dimanche 3 d\u00e9cembre apr\u00e8s-midi<\/strong>, vous pourrez non seulement revoir les \u0153uvres expos\u00e9es, mais aussi <strong> rencontrer Bea Danckaert<\/strong>. Confortablement install\u00e9 avec un verre de mousse, vous en apprendrez plus sur la fa\u00e7on dont Bea cr\u00e9e ses \u0153uvres d&rsquo;art, sur ce qui l&rsquo;inspire, sur qui elle est en tant qu&rsquo;artiste&#8230;<\/p>\n<p style=\"text-align: center;\">Je peux d\u00e9j\u00e0 vous dire que c&rsquo;est une artiste passionn\u00e9e et que cela se traduit dans son travail. C&rsquo;est le dernier jour du cadre actuel, mais il y a d\u00e9j\u00e0 un petit aper\u00e7u du nouveau cadre. Bea Danckaert vous pr\u00e9sentera ses derni\u00e8res cr\u00e9ations ce jour-l\u00e0.<\/p>\n<p style=\"text-align: center;\">Nous nous r\u00e9jouissons de vous accueillir !<\/p>\n<p style=\"text-align: center;\"><strong>R\u00e9ponse \u00e0 un mur<\/strong><\/p>\n<p style=\"text-align: center;\"><strong>Jan Stasstraat 2<\/strong><\/p>\n<p style=\"text-align: center;\"><strong>3000 Leuven<\/strong><\/p>\n\n\n\t\t\t\t\t\t\t\t\t\t\t\t\t<div class=\"growl-component-cta__buttons\">\n\t\t\t\t\t\t\t\t\t\t\t\t\t\t\t\t\t\n    \n<a href='https:\/\/fb.me\/e\/3FMhKJePI' class=\"growl-component-button growl-component-button--solid growl-component-cta__button\" role=\"button\" >\n            Facebook\n    <\/a>\n\t\t\t\t\t\t\t\t\t\t\t\t\t\t\t<\/div>\n\t\t\t\t\t\t\t\t\t\t\t<\/div>\n\t\t\t\t<\/div>\n\t\t\t<\/div>\n\t<\/section>\n<\/div><\/div>\n\n<figure class=\"wp-block-image size-full\"><img loading=\"lazy\" decoding=\"async\" width=\"1\" height=\"1\" src=\"https:\/\/www.answertoawall.com\/wp-content\/uploads\/image.gif\" alt=\"\" class=\"wp-image-3173\" title=\"Pour en savoir plus...\"\/><\/figure>\n\n<figure class=\"wp-block-gallery has-nested-images columns-default is-cropped wp-block-gallery-1 is-layout-flex wp-block-gallery-is-layout-flex\">\n<figure class=\"wp-block-image size-full is-style-default\"><img loading=\"lazy\" decoding=\"async\" width=\"768\" height=\"1024\" data-id=\"1010\" src=\"https:\/\/www.answertoawall.com\/wp-content\/uploads\/PHOTO-2021-09-23-13-54-40.jpg\" alt=\"\" class=\"wp-image-1010\" srcset=\"https:\/\/www.answertoawall.com\/wp-content\/uploads\/PHOTO-2021-09-23-13-54-40.jpg 768w, https:\/\/www.answertoawall.com\/wp-content\/uploads\/PHOTO-2021-09-23-13-54-40-225x300.jpg 225w\" sizes=\"auto, (max-width: 768px) 100vw, 768px\" \/><\/figure>\n\n\n\n<figure class=\"wp-block-image size-full is-style-default\"><img loading=\"lazy\" decoding=\"async\" width=\"683\" height=\"1024\" data-id=\"3940\" src=\"https:\/\/www.answertoawall.com\/wp-content\/uploads\/bea-danckaert.jpg\" alt=\"\" class=\"wp-image-3940\" srcset=\"https:\/\/www.answertoawall.com\/wp-content\/uploads\/bea-danckaert.jpg 683w, https:\/\/www.answertoawall.com\/wp-content\/uploads\/bea-danckaert-200x300.jpg 200w\" sizes=\"auto, (max-width: 683px) 100vw, 683px\" \/><\/figure>\n\n\n\n<figure class=\"wp-block-image size-large is-style-default\"><img loading=\"lazy\" decoding=\"async\" width=\"768\" height=\"1024\" data-id=\"2539\" src=\"https:\/\/www.answertoawall.com\/wp-content\/uploads\/IMG_7370-768x1024.jpeg\" alt=\"\" class=\"wp-image-2539\" srcset=\"https:\/\/www.answertoawall.com\/wp-content\/uploads\/IMG_7370-768x1024.jpeg 768w, https:\/\/www.answertoawall.com\/wp-content\/uploads\/IMG_7370-225x300.jpeg 225w, https:\/\/www.answertoawall.com\/wp-content\/uploads\/IMG_7370-1152x1536.jpeg 1152w, https:\/\/www.answertoawall.com\/wp-content\/uploads\/IMG_7370-1536x2048.jpeg 1536w, https:\/\/www.answertoawall.com\/wp-content\/uploads\/IMG_7370-1320x1760.jpeg 1320w, https:\/\/www.answertoawall.com\/wp-content\/uploads\/IMG_7370-scaled.jpeg 1920w\" sizes=\"auto, (max-width: 768px) 100vw, 768px\" \/><\/figure>\n<\/figure>\n\n<p><\/p>\n","protected":false},"excerpt":{"rendered":"","protected":false},"author":3,"featured_media":0,"parent":4424,"menu_order":0,"comment_status":"closed","ping_status":"closed","template":"","meta":{"_acf_changed":false,"footnotes":""},"class_list":["post-4198","page","type-page","status-publish","hentry"],"acf":[],"_links":{"self":[{"href":"https:\/\/www.answertoawall.com\/fr\/wp-json\/wp\/v2\/pages\/4198","targetHints":{"allow":["GET"]}}],"collection":[{"href":"https:\/\/www.answertoawall.com\/fr\/wp-json\/wp\/v2\/pages"}],"about":[{"href":"https:\/\/www.answertoawall.com\/fr\/wp-json\/wp\/v2\/types\/page"}],"author":[{"embeddable":true,"href":"https:\/\/www.answertoawall.com\/fr\/wp-json\/wp\/v2\/users\/3"}],"replies":[{"embeddable":true,"href":"https:\/\/www.answertoawall.com\/fr\/wp-json\/wp\/v2\/comments?post=4198"}],"version-history":[{"count":5,"href":"https:\/\/www.answertoawall.com\/fr\/wp-json\/wp\/v2\/pages\/4198\/revisions"}],"predecessor-version":[{"id":4671,"href":"https:\/\/www.answertoawall.com\/fr\/wp-json\/wp\/v2\/pages\/4198\/revisions\/4671"}],"up":[{"embeddable":true,"href":"https:\/\/www.answertoawall.com\/fr\/wp-json\/wp\/v2\/pages\/4424"}],"wp:attachment":[{"href":"https:\/\/www.answertoawall.com\/fr\/wp-json\/wp\/v2\/media?parent=4198"}],"curies":[{"name":"wp","href":"https:\/\/api.w.org\/{rel}","templated":true}]}}