{"id":4195,"date":"2024-03-01T14:23:42","date_gmt":"2024-03-01T13:23:42","guid":{"rendered":"https:\/\/www.answertoawall.com\/livraison\/"},"modified":"2025-04-11T15:44:35","modified_gmt":"2025-04-11T13:44:35","slug":"livraison","status":"publish","type":"page","link":"https:\/\/www.answertoawall.com\/fr\/livraison\/","title":{"rendered":"Livraison"},"content":{"rendered":"\n<div class=\"wp-block-cover is-light\" style=\"min-height:377px;aspect-ratio:unset;\"><span aria-hidden=\"true\" class=\"wp-block-cover__background has-background-dim-0 has-background-dim\"><\/span><img loading=\"lazy\" decoding=\"async\" width=\"768\" height=\"1024\" class=\"wp-block-cover__image-background wp-image-3165\" alt=\"\" src=\"https:\/\/www.answertoawall.com\/wp-content\/uploads\/IMG-0090.jpg\" style=\"object-position:53% 33%\" data-object-fit=\"cover\" data-object-position=\"53% 33%\" srcset=\"https:\/\/www.answertoawall.com\/wp-content\/uploads\/IMG-0090.jpg 768w, https:\/\/www.answertoawall.com\/wp-content\/uploads\/IMG-0090-225x300.jpg 225w\" sizes=\"auto, (max-width: 768px) 100vw, 768px\" \/><div class=\"wp-block-cover__inner-container is-layout-flow wp-block-cover-is-layout-flow\">\n<p class=\"has-text-align-center has-large-font-size\"><\/p>\n<\/div><\/div>\n\n\n\n\n\n\n<section class=\"growl-component-cta growl-component-cta--  \">\n\t\t\t\n<div class=\"growl-component-container\" >\n    \t\t\t\t\t\t\t\t\t\n<div class=\"growl-component-heading\">\n\t<h1 class=\"growl-component-heading__title h5\">\n\t\tLivraison\n\t<\/h1>\n\t<\/div>\t\t\t\t\t\t\t\t<div class=\"growl-component-cta__wrapper\">\n\t\t\t\t\t\t\t\t\t\t<div class=\"growl-component-cta__content\">\n\t\t\t\t\t\t<p style=\"text-align: center;\">Vous avez trouv\u00e9 l&rsquo;\u0153uvre d&rsquo;art id\u00e9ale, mais vous n&rsquo;avez pas le temps de la visiter ? Ne vous inqui\u00e9tez pas !<br \/>\nAnswer to a Wall est heureux de vous aider !<\/p>\n<p style=\"text-align: center;\">Faites-vous <strong>livrer<\/strong> vos \u0153uvres d&rsquo;art pr\u00e9f\u00e9r\u00e9es <strong>\u00e0 domicile<\/strong> d\u00e8s maintenant. Gratuit \u00e0 moins de 20 km de Leuven.<\/p>\n\n\n\t\t\t\t\t\t\t\t\t\t\t\t\t<div class=\"growl-component-cta__buttons\">\n\t\t\t\t\t\t\t\t\t\t\t\t\t\t\t\t\t\n    \n<a href='https:\/\/www.answertoawall.com\/contact\/' class=\"growl-component-button growl-component-button--solid growl-component-cta__button\" role=\"button\" >\n            Demander la livraison\n    <\/a>\n\t\t\t\t\t\t\t\t\t\t\t\t\t\t\t<\/div>\n\t\t\t\t\t\t\t\t\t\t\t<\/div>\n\t\t\t\t<\/div>\n\t\t\t<\/div>\n\t<\/section>\n\n\n\n<figure class=\"wp-block-gallery has-nested-images columns-default is-cropped wp-block-gallery-1 is-layout-flex wp-block-gallery-is-layout-flex\">\n<figure class=\"wp-block-image size-full is-style-default\"><img loading=\"lazy\" decoding=\"async\" width=\"887\" height=\"1000\" data-id=\"3972\" src=\"https:\/\/www.answertoawall.com\/wp-content\/uploads\/IMG_4957.jpg\" alt=\"\" class=\"wp-image-3972\" srcset=\"https:\/\/www.answertoawall.com\/wp-content\/uploads\/IMG_4957.jpg 887w, https:\/\/www.answertoawall.com\/wp-content\/uploads\/IMG_4957-266x300.jpg 266w, https:\/\/www.answertoawall.com\/wp-content\/uploads\/IMG_4957-768x866.jpg 768w\" sizes=\"auto, (max-width: 887px) 100vw, 887px\" \/><\/figure>\n\n\n\n<figure class=\"wp-block-image size-full is-style-default\"><img loading=\"lazy\" decoding=\"async\" width=\"512\" height=\"512\" data-id=\"3755\" src=\"https:\/\/www.answertoawall.com\/wp-content\/uploads\/IMG_3442.jpg\" alt=\"\" class=\"wp-image-3755\" srcset=\"https:\/\/www.answertoawall.com\/wp-content\/uploads\/IMG_3442.jpg 512w, https:\/\/www.answertoawall.com\/wp-content\/uploads\/IMG_3442-300x300.jpg 300w, https:\/\/www.answertoawall.com\/wp-content\/uploads\/IMG_3442-150x150.jpg 150w, https:\/\/www.answertoawall.com\/wp-content\/uploads\/IMG_3442-230x230.jpg 230w\" sizes=\"auto, (max-width: 512px) 100vw, 512px\" \/><\/figure>\n\n\n\n<figure class=\"wp-block-image size-full is-style-default\"><img loading=\"lazy\" decoding=\"async\" width=\"956\" height=\"1024\" data-id=\"3915\" src=\"https:\/\/www.answertoawall.com\/wp-content\/uploads\/a564a179-ef4b-4de6-994e-636ef7e38eb5.jpg\" alt=\"\" class=\"wp-image-3915\" srcset=\"https:\/\/www.answertoawall.com\/wp-content\/uploads\/a564a179-ef4b-4de6-994e-636ef7e38eb5.jpg 956w, https:\/\/www.answertoawall.com\/wp-content\/uploads\/a564a179-ef4b-4de6-994e-636ef7e38eb5-280x300.jpg 280w, https:\/\/www.answertoawall.com\/wp-content\/uploads\/a564a179-ef4b-4de6-994e-636ef7e38eb5-768x823.jpg 768w\" sizes=\"auto, (max-width: 956px) 100vw, 956px\" \/><\/figure>\n<\/figure>\n","protected":false},"excerpt":{"rendered":"","protected":false},"author":3,"featured_media":0,"parent":4424,"menu_order":0,"comment_status":"closed","ping_status":"closed","template":"","meta":{"_acf_changed":false,"footnotes":""},"class_list":["post-4195","page","type-page","status-publish","hentry"],"acf":[],"_links":{"self":[{"href":"https:\/\/www.answertoawall.com\/fr\/wp-json\/wp\/v2\/pages\/4195","targetHints":{"allow":["GET"]}}],"collection":[{"href":"https:\/\/www.answertoawall.com\/fr\/wp-json\/wp\/v2\/pages"}],"about":[{"href":"https:\/\/www.answertoawall.com\/fr\/wp-json\/wp\/v2\/types\/page"}],"author":[{"embeddable":true,"href":"https:\/\/www.answertoawall.com\/fr\/wp-json\/wp\/v2\/users\/3"}],"replies":[{"embeddable":true,"href":"https:\/\/www.answertoawall.com\/fr\/wp-json\/wp\/v2\/comments?post=4195"}],"version-history":[{"count":6,"href":"https:\/\/www.answertoawall.com\/fr\/wp-json\/wp\/v2\/pages\/4195\/revisions"}],"predecessor-version":[{"id":6094,"href":"https:\/\/www.answertoawall.com\/fr\/wp-json\/wp\/v2\/pages\/4195\/revisions\/6094"}],"up":[{"embeddable":true,"href":"https:\/\/www.answertoawall.com\/fr\/wp-json\/wp\/v2\/pages\/4424"}],"wp:attachment":[{"href":"https:\/\/www.answertoawall.com\/fr\/wp-json\/wp\/v2\/media?parent=4195"}],"curies":[{"name":"wp","href":"https:\/\/api.w.org\/{rel}","templated":true}]}}